{"id":5755,"date":"2023-02-27T12:34:51","date_gmt":"2023-02-27T11:34:51","guid":{"rendered":"https:\/\/eigenart-filmproduktion.de\/video-portfolio\/film-production-wiesbaden\/"},"modified":"2026-04-23T17:23:29","modified_gmt":"2026-04-23T15:23:29","slug":"film-production-wiesbaden","status":"publish","type":"page","link":"https:\/\/eigenart-filmproduktion.de\/en\/film-production-wiesbaden\/","title":{"rendered":"Film production Wiesbaden"},"content":{"rendered":"\t\t<div data-elementor-type=\"wp-page\" data-elementor-id=\"5755\" class=\"elementor elementor-5755 elementor-164\" data-elementor-post-type=\"page\">\n\t\t\t\t\t\t<section class=\"elementor-section elementor-top-section elementor-element elementor-element-f19ce27 elementor-section-boxed elementor-section-height-default elementor-section-height-default\" data-id=\"f19ce27\" data-element_type=\"section\" data-e-type=\"section\">\n\t\t\t\t\t\t<div class=\"elementor-container elementor-column-gap-default\">\n\t\t\t\t\t<div class=\"elementor-column elementor-col-100 elementor-top-column elementor-element elementor-element-acf95e0\" data-id=\"acf95e0\" data-element_type=\"column\" data-e-type=\"column\">\n\t\t\t<div class=\"elementor-widget-wrap elementor-element-populated\">\n\t\t\t\t\t\t<div class=\"elementor-element elementor-element-0f6bbca elementor-widget elementor-widget-heading\" data-id=\"0f6bbca\" data-element_type=\"widget\" data-e-type=\"widget\" data-widget_type=\"heading.default\">\n\t\t\t\t<div class=\"elementor-widget-container\">\n\t\t\t\t\t<h1 class=\"elementor-heading-title elementor-size-default\">Film production Wiesbaden<\/h1>\t\t\t\t<\/div>\n\t\t\t\t<\/div>\n\t\t\t\t<div class=\"elementor-element elementor-element-5363a91 elementor-widget elementor-widget-text-editor\" data-id=\"5363a91\" data-element_type=\"widget\" data-e-type=\"widget\" data-widget_type=\"text-editor.default\">\n\t\t\t\t<div class=\"elementor-widget-container\">\n\t\t\t\t\t\t\t\t\t<p style=\"font-size: 19.2px;\">Awaken the emotions of your customers and employees in Wiesbaden, Hesse and beyond with your <a style=\"background-color: #ffffff; letter-spacing: text;\" href=\"https:\/\/eigenart-filmproduktion.de\/ueber-uns\/leistungen\/werbefilm-agentur\/\" target=\"_blank\" rel=\"noopener noreferrer\">promotional film<\/a>, <a href=\"https:\/\/eigenart-filmproduktion.de\/ueber-uns\/leistungen\/erklaervideo-agentur\/\" target=\"_blank\" rel=\"noopener noreferrer\">explanatory video<\/a>, <a href=\"https:\/\/eigenart-filmproduktion.de\/ueber-uns\/leistungen\/event-videography\/\" target=\"_blank\" rel=\"noopener noreferrer\">event video<\/a>, <a href=\"https:\/\/eigenart-filmproduktion.de\/ueber-uns\/leistungen\/imagefilm\/\">image film<\/a>, <a href=\"https:\/\/eigenart-filmproduktion.de\/ueber-uns\/leistungen\/hybrid-event-agency\/\" target=\"_blank\" rel=\"noopener noreferrer\">live streaming, hybrid event <\/a>&amp; <a href=\"https:\/\/eigenart-filmproduktion.de\/ueber-uns\/leistungen\/recruiting-video\/\" target=\"_blank\" rel=\"noopener noreferrer\">recruiting video<\/a>. This creates <a href=\"https:\/\/eigenart-filmproduktion.de\/en\/about-us\/\" target=\"_blank\" rel=\"noopener noreferrer\">added value<\/a> for your target group<span style=\"font-size: 19.2px;\">.<br><br><\/span><\/p><p style=\"font-size: 19.2px;\">Inspire your target group with high-quality, unique video productions. Manifest your company values to increase identification with your brand message! Don&#8217;t just invest in your future, think even bigger &#8230; <span style=\"font-size: 19.2px;\">As an experienced film production company in Wiesbaden, we offer professional video services throughout the Rhine-Main region &#8211; from Mainz to Frankfurt and Darmstadt.<\/span><\/p>\t\t\t\t\t\t\t\t<\/div>\n\t\t\t\t<\/div>\n\t\t\t\t\t<\/div>\n\t\t<\/div>\n\t\t\t\t\t<\/div>\n\t\t<\/section>\n\t\t\t\t<section class=\"elementor-section elementor-top-section elementor-element elementor-element-35517ca elementor-section-height-min-height elementor-section-items-stretch elementor-section-boxed elementor-section-height-default\" data-id=\"35517ca\" data-element_type=\"section\" data-e-type=\"section\" data-settings=\"{&quot;background_background&quot;:&quot;classic&quot;}\">\n\t\t\t\t\t\t<div class=\"elementor-container elementor-column-gap-default\">\n\t\t\t\t\t<div class=\"elementor-column elementor-col-100 elementor-top-column elementor-element elementor-element-194a9aa\" data-id=\"194a9aa\" data-element_type=\"column\" data-e-type=\"column\">\n\t\t\t<div class=\"elementor-widget-wrap\">\n\t\t\t\t\t\t\t<\/div>\n\t\t<\/div>\n\t\t\t\t\t<\/div>\n\t\t<\/section>\n\t\t\t\t<section class=\"elementor-section elementor-top-section elementor-element elementor-element-5f17f57 elementor-section-boxed elementor-section-height-default elementor-section-height-default\" data-id=\"5f17f57\" data-element_type=\"section\" data-e-type=\"section\">\n\t\t\t\t\t\t<div class=\"elementor-container elementor-column-gap-default\">\n\t\t\t\t\t<div class=\"elementor-column elementor-col-100 elementor-top-column elementor-element elementor-element-93d1b86\" data-id=\"93d1b86\" data-element_type=\"column\" data-e-type=\"column\">\n\t\t\t<div class=\"elementor-widget-wrap elementor-element-populated\">\n\t\t\t\t\t\t<div class=\"elementor-element elementor-element-9948b63 elementor-widget elementor-widget-heading\" data-id=\"9948b63\" data-element_type=\"widget\" data-e-type=\"widget\" data-widget_type=\"heading.default\">\n\t\t\t\t<div class=\"elementor-widget-container\">\n\t\t\t\t\t<h2 class=\"elementor-heading-title elementor-size-default\">Advice from the best: our team of experts at Filmproduktion Wiesbaden<\/h2>\t\t\t\t<\/div>\n\t\t\t\t<\/div>\n\t\t\t\t<div class=\"elementor-element elementor-element-74ed375 elementor-widget elementor-widget-text-editor\" data-id=\"74ed375\" data-element_type=\"widget\" data-e-type=\"widget\" data-widget_type=\"text-editor.default\">\n\t\t\t\t<div class=\"elementor-widget-container\">\n\t\t\t\t\t\t\t\t\t<p><span style=\"font-size: 19.2px;\">Our <\/span><a style=\"background-color: #ffffff; font-size: 19.2px;\" href=\"https:\/\/eigenart-filmproduktion.de\/en\/about-us\/our-team\/\" target=\"_blank\" rel=\"noopener noreferrer\">EXPERT TEAM<\/a><span style=\"font-size: 19.2px;\"> works only with the <\/span><a style=\"background-color: #ffffff; font-size: 19.2px;\" href=\"https:\/\/eigenart-filmproduktion.de\/en\/our-partners\/\" target=\"_blank\" rel=\"noopener noreferrer\">BEST IN THE INDUSTRY.<\/a><span style=\"font-size: 19.2px;\">Together: We stand for extraordinary <\/span><a style=\"background-color: #ffffff; font-size: 19.2px;\" href=\"https:\/\/vimeo.com\/eigenartfilmproduktion\" target=\"_blank\" rel=\"noopener noreferrer\">QUALITY.<\/a><span style=\"font-size: 19.2px;\">. At every step along the way to your goal, we make sure that this is guaranteed. Be it on the advisory side when planning the best strategy for your video content marketing, as a patient companion and encourager in your change process or as a pioneer to show you worlds that make you and your target group dream. We are your creative sparring partner and let your product, service or service appear in a new light.<\/span><\/p>\t\t\t\t\t\t\t\t<\/div>\n\t\t\t\t<\/div>\n\t\t\t\t\t<\/div>\n\t\t<\/div>\n\t\t\t\t\t<\/div>\n\t\t<\/section>\n\t\t\t\t<section class=\"elementor-section elementor-top-section elementor-element elementor-element-f9623f6 elementor-section-boxed elementor-section-height-default elementor-section-height-default\" data-id=\"f9623f6\" data-element_type=\"section\" data-e-type=\"section\">\n\t\t\t\t\t\t<div class=\"elementor-container elementor-column-gap-default\">\n\t\t\t\t\t<div class=\"elementor-column elementor-col-100 elementor-top-column elementor-element elementor-element-4bb4a27\" data-id=\"4bb4a27\" data-element_type=\"column\" data-e-type=\"column\">\n\t\t\t<div class=\"elementor-widget-wrap elementor-element-populated\">\n\t\t\t\t\t\t<div class=\"elementor-element elementor-element-cfe0117 elementor-widget elementor-widget-html\" data-id=\"cfe0117\" data-element_type=\"widget\" data-e-type=\"widget\" data-widget_type=\"html.default\">\n\t\t\t\t<div class=\"elementor-widget-container\">\n\t\t\t\t\t<div class=\"faq-section\" style=\"margin: 60px 0; padding: 40px; background: #f9f9f9;\">\r\n  <h2>Frequently asked questions about film production in Wiesbaden and the surrounding area<\/h2>\r\n  \r\n  <div class=\"faq-item\" style=\"margin: 30px 0; padding: 20px; background: white; border-left: 4px solid #007bff;\">\r\n    <h3>Why should I choose a local film production in Wiesbaden?<\/h3>\r\n    <p>As a local film production company, we know the best locations in Wiesbaden, Mainz and the Rhine-Main region. We are quickly on site, understand the regional economy and offer personal service without long journeys. This saves time and money on your project.  <\/p>\r\n  <\/div>\r\n\r\n  <div class=\"faq-item\" style=\"margin: 30px 0; padding: 20px; background: white; border-left: 4px solid #007bff;\">\r\n    <h3>Which sectors do you serve in Wiesbaden in particular?<\/h3>\r\n    <p>We have extensive experience with companies from the financial sector, healthcare, industry, IT and SMEs in the Rhine-Main region. From insurance companies to tech start-ups - we understand different industries and their specific communication needs. <\/p>\r\n  <\/div>\r\n\r\n  <div class=\"faq-item\" style=\"margin: 30px 0; padding: 20px; background: white; border-left: 4px solid #007bff;\">\r\n    <h3>Do you also offer shoots in Frankfurt, Mainz or Darmstadt?<\/h3>\r\n    <p>Absolutely! Wiesbaden is our headquarters, but we produce throughout the Rhine-Main region. We can reach Frankfurt (20 min.), Mainz (15 min.) and Darmstadt (30 min.) quickly. For supra-regional projects, we have additional locations in Berlin and Dortmund.   <\/p>\r\n  <\/div>\r\n\r\n  <div class=\"faq-item\" style=\"margin: 30px 0; padding: 20px; background: white; border-left: 4px solid #007bff;\">\r\n    <h3>Do you have your own studio in Wiesbaden?<\/h3>\r\n    <p>Yes! We have a modern green screen studio in Wiesbaden's Dichterviertel district. Here we can shoot regardless of the weather and create any backgrounds and worlds using green screen technology. The studio is also available for hire.  <\/p>\r\n  <\/div>\r\n\r\n  <div class=\"faq-item\" style=\"margin: 30px 0; padding: 20px; background: white; border-left: 4px solid #007bff;\">\r\n    <h3>Which locations in Wiesbaden do you recommend for image films?<\/h3>\r\n    <p>Wiesbaden offers fantastic locations: the Kurhaus for elegant settings, the Nerobergbahn for dynamic shots, modern office buildings in the city center or the vineyards for outdoor scenes. We know the best spots and organize all the filming permits for you. <\/p>\r\n  <\/div>\r\n\r\n  <div class=\"faq-item\" style=\"margin: 30px 0; padding: 20px; background: white; border-left: 4px solid #007bff;\">\r\n    <h3>Do you work with local partners in Wiesbaden?<\/h3>\r\n    <p>Yes, we have a network of professional speakers, actors, musicians and production assistants from the region. This enables short distances, flexible planning and supports the local creative industry in the Rhine-Main region. <\/p>\r\n  <\/div>\r\n\r\n  <div class=\"faq-item\" style=\"margin: 30px 0; padding: 20px; background: white; border-left: 4px solid #007bff;\">\r\n    <h3>Are there funding opportunities for film productions in Hessen?<\/h3>\r\n    <p>Yes! HessenFilm und Medien supports productions in Hessen. We are happy to advise you on funding opportunities and help with applications. There are particularly interesting funding opportunities for innovative or culturally valuable projects.  <\/p>\r\n  <\/div>\r\n<\/div>\r\n\r\n<script type=\"application\/ld+json\">\r\n{\r\n  \"@context\": \"https:\/\/schema.org\",\r\n  \"@type\": \"FAQPage\",\r\n  \"mainEntity\": [\r\n    {\r\n      \"@type\": \"Question\",\r\n      \"name\": \"Warum sollte ich eine lokale Filmproduktion in Wiesbaden w\u00e4hlen?\",\r\n      \"acceptedAnswer\": {\r\n        \"@type\": \"Answer\",\r\n        \"text\": \"Als lokale Filmproduktion kennen wir die besten Drehorte in Wiesbaden, Mainz und dem Rhein-Main-Gebiet. Wir sind schnell vor Ort, verstehen die regionale Wirtschaft und bieten pers\u00f6nlichen Service ohne lange Anfahrtswege.\"\r\n      }\r\n    },\r\n    {\r\n      \"@type\": \"Question\",\r\n      \"name\": \"Bieten Sie auch Drehs in Frankfurt, Mainz oder Darmstadt an?\",\r\n      \"acceptedAnswer\": {\r\n        \"@type\": \"Answer\",\r\n        \"text\": \"Absolut! Wiesbaden ist unser Hauptsitz, aber wir produzieren im gesamten Rhein-Main-Gebiet. Frankfurt, Mainz und Darmstadt erreichen wir in 15-30 Minuten.\"\r\n      }\r\n    },\r\n    {\r\n      \"@type\": \"Question\",\r\n      \"name\": \"Haben Sie ein eigenes Studio in Wiesbaden?\",\r\n      \"acceptedAnswer\": {\r\n        \"@type\": \"Answer\",\r\n        \"text\": \"Ja! Wir verf\u00fcgen \u00fcber ein modernes Greenscreen-Studio im Wiesbadener Dichterviertel. Hier k\u00f6nnen wir wetterunabh\u00e4ngig drehen und durch Greenscreen-Technologie beliebige Hintergr\u00fcnde erschaffen.\"\r\n      }\r\n    }\r\n  ]\r\n}\r\n<\/script>\t\t\t\t<\/div>\n\t\t\t\t<\/div>\n\t\t\t\t\t<\/div>\n\t\t<\/div>\n\t\t\t\t\t<\/div>\n\t\t<\/section>\n\t\t\t\t<section class=\"elementor-section elementor-top-section elementor-element elementor-element-93ef332 elementor-section-full_width elementor-section-height-default elementor-section-height-default\" data-id=\"93ef332\" data-element_type=\"section\" data-e-type=\"section\" data-settings=\"{&quot;background_background&quot;:&quot;classic&quot;}\">\n\t\t\t\t\t\t\t<div class=\"elementor-background-overlay\"><\/div>\n\t\t\t\t\t\t\t<div class=\"elementor-container elementor-column-gap-default\">\n\t\t\t\t\t<div class=\"elementor-column elementor-col-100 elementor-top-column elementor-element elementor-element-c0979cc\" data-id=\"c0979cc\" data-element_type=\"column\" data-e-type=\"column\">\n\t\t\t<div class=\"elementor-widget-wrap elementor-element-populated\">\n\t\t\t\t\t\t<div class=\"elementor-element elementor-element-0bc060b elementor-view-default elementor-widget elementor-widget-icon\" data-id=\"0bc060b\" data-element_type=\"widget\" data-e-type=\"widget\" data-widget_type=\"icon.default\">\n\t\t\t\t<div class=\"elementor-widget-container\">\n\t\t\t\t\t\t\t<div class=\"elementor-icon-wrapper\">\n\t\t\t<div class=\"elementor-icon\">\n\t\t\t<i aria-hidden=\"true\" class=\"fas fa-phone-alt\"><\/i>\t\t\t<\/div>\n\t\t<\/div>\n\t\t\t\t\t\t<\/div>\n\t\t\t\t<\/div>\n\t\t\t\t<div class=\"elementor-element elementor-element-7ebe836 elementor-widget elementor-widget-heading\" data-id=\"7ebe836\" data-element_type=\"widget\" data-e-type=\"widget\" data-widget_type=\"heading.default\">\n\t\t\t\t<div class=\"elementor-widget-container\">\n\t\t\t\t\t<h2 class=\"elementor-heading-title elementor-size-default\">Get started with your film project in Wiesbaden now!<\/h2>\t\t\t\t<\/div>\n\t\t\t\t<\/div>\n\t\t\t\t<div class=\"elementor-element elementor-element-83e1abe elementor-widget elementor-widget-heading\" data-id=\"83e1abe\" data-element_type=\"widget\" data-e-type=\"widget\" data-widget_type=\"heading.default\">\n\t\t\t\t<div class=\"elementor-widget-container\">\n\t\t\t\t\t<h3 class=\"elementor-heading-title elementor-size-default\">Contact your local film production company in Wiesbaden for a non-binding consultation. We are there for you personally - in Wiesbaden, Frankfurt, Mainz and the entire region. <\/h3>\t\t\t\t<\/div>\n\t\t\t\t<\/div>\n\t\t\t\t<div class=\"elementor-element elementor-element-6215c93 elementor-widget__width-auto elementor-widget elementor-widget-button\" data-id=\"6215c93\" data-element_type=\"widget\" data-e-type=\"widget\" data-widget_type=\"button.default\">\n\t\t\t\t<div class=\"elementor-widget-container\">\n\t\t\t\t\t\t\t\t\t<div class=\"elementor-button-wrapper\">\n\t\t\t\t\t<a class=\"elementor-button elementor-button-link elementor-size-sm elementor-animation-pulse-grow\" href=\"https:\/\/eigenart-filmproduktion.de\/en\/contact\/\">\n\t\t\t\t\t\t<span class=\"elementor-button-content-wrapper\">\n\t\t\t\t\t\t\t\t\t<span class=\"elementor-button-text\">Contact<\/span>\n\t\t\t\t\t<\/span>\n\t\t\t\t\t<\/a>\n\t\t\t\t<\/div>\n\t\t\t\t\t\t\t\t<\/div>\n\t\t\t\t<\/div>\n\t\t\t\t\t<\/div>\n\t\t<\/div>\n\t\t\t\t\t<\/div>\n\t\t<\/section>\n\t\t\t\t<\/div>\n\t\t","protected":false},"excerpt":{"rendered":"<p>Film production Wiesbaden Awaken the emotions of your customers and employees in Wiesbaden, Hesse and beyond with your promotional film, explanatory video, event video, image film, live streaming, hybrid event &amp; recruiting video. This creates added value for your target group. Inspire your target group with high-quality, unique video productions. Manifest your company values to [&hellip;]<\/p>\n","protected":false},"author":2,"featured_media":3412,"parent":0,"menu_order":0,"comment_status":"closed","ping_status":"closed","template":"elementor_header_footer","meta":{"footnotes":""},"class_list":["post-5755","page","type-page","status-publish","has-post-thumbnail","hentry"],"_links":{"self":[{"href":"https:\/\/eigenart-filmproduktion.de\/en\/wp-json\/wp\/v2\/pages\/5755","targetHints":{"allow":["GET"]}}],"collection":[{"href":"https:\/\/eigenart-filmproduktion.de\/en\/wp-json\/wp\/v2\/pages"}],"about":[{"href":"https:\/\/eigenart-filmproduktion.de\/en\/wp-json\/wp\/v2\/types\/page"}],"author":[{"embeddable":true,"href":"https:\/\/eigenart-filmproduktion.de\/en\/wp-json\/wp\/v2\/users\/2"}],"replies":[{"embeddable":true,"href":"https:\/\/eigenart-filmproduktion.de\/en\/wp-json\/wp\/v2\/comments?post=5755"}],"version-history":[{"count":2,"href":"https:\/\/eigenart-filmproduktion.de\/en\/wp-json\/wp\/v2\/pages\/5755\/revisions"}],"predecessor-version":[{"id":9607,"href":"https:\/\/eigenart-filmproduktion.de\/en\/wp-json\/wp\/v2\/pages\/5755\/revisions\/9607"}],"wp:featuredmedia":[{"embeddable":true,"href":"https:\/\/eigenart-filmproduktion.de\/en\/wp-json\/wp\/v2\/media\/3412"}],"wp:attachment":[{"href":"https:\/\/eigenart-filmproduktion.de\/en\/wp-json\/wp\/v2\/media?parent=5755"}],"curies":[{"name":"wp","href":"https:\/\/api.w.org\/{rel}","templated":true}]}}