{"id":7872,"date":"2025-02-14T13:04:03","date_gmt":"2025-02-14T12:04:03","guid":{"rendered":"https:\/\/eigenart-filmproduktion.de\/blog\/"},"modified":"2025-12-12T11:34:18","modified_gmt":"2025-12-12T10:34:18","slug":"blog","status":"publish","type":"page","link":"https:\/\/eigenart-filmproduktion.de\/en\/blog\/","title":{"rendered":"Blog"},"content":{"rendered":"\t\t<div data-elementor-type=\"wp-page\" data-elementor-id=\"7872\" class=\"elementor elementor-7872 elementor-7636\" data-elementor-post-type=\"page\">\n\t\t\t\t\t\t<section class=\"elementor-section elementor-top-section elementor-element elementor-element-bf7fe25 elementor-section-boxed elementor-section-height-default elementor-section-height-default\" data-id=\"bf7fe25\" data-element_type=\"section\" data-e-type=\"section\">\n\t\t\t\t\t\t<div class=\"elementor-container elementor-column-gap-default\">\n\t\t\t\t\t<div class=\"elementor-column elementor-col-100 elementor-top-column elementor-element elementor-element-5325a13\" data-id=\"5325a13\" data-element_type=\"column\" data-e-type=\"column\">\n\t\t\t<div class=\"elementor-widget-wrap elementor-element-populated\">\n\t\t\t\t\t\t<div class=\"elementor-element elementor-element-de5a51d elementor-grid-1 elementor-grid-tablet-2 elementor-grid-mobile-1 elementor-posts--thumbnail-top elementor-widget elementor-widget-posts\" data-id=\"de5a51d\" data-element_type=\"widget\" data-e-type=\"widget\" data-settings=\"{&quot;classic_columns&quot;:&quot;1&quot;,&quot;classic_row_gap&quot;:{&quot;unit&quot;:&quot;px&quot;,&quot;size&quot;:60,&quot;sizes&quot;:[]},&quot;pagination_type&quot;:&quot;numbers_and_prev_next&quot;,&quot;classic_columns_tablet&quot;:&quot;2&quot;,&quot;classic_columns_mobile&quot;:&quot;1&quot;,&quot;classic_row_gap_tablet&quot;:{&quot;unit&quot;:&quot;px&quot;,&quot;size&quot;:&quot;&quot;,&quot;sizes&quot;:[]},&quot;classic_row_gap_mobile&quot;:{&quot;unit&quot;:&quot;px&quot;,&quot;size&quot;:&quot;&quot;,&quot;sizes&quot;:[]}}\" data-widget_type=\"posts.classic\">\n\t\t\t\t<div class=\"elementor-widget-container\">\n\t\t\t\t\t\t\t<div class=\"elementor-posts-container elementor-posts elementor-posts--skin-classic elementor-grid\" role=\"list\">\n\t\t\t\t<article class=\"elementor-post elementor-grid-item post-9533 post type-post status-publish format-standard has-post-thumbnail hentry category-advisor category-film-production\" role=\"listitem\">\n\t\t\t\t<a class=\"elementor-post__thumbnail__link\" href=\"https:\/\/eigenart-filmproduktion.de\/en\/drone-video-costs-2026-what-do-professional-drone-recordings-cost\/\" tabindex=\"-1\" >\n\t\t\t<div class=\"elementor-post__thumbnail\"><img fetchpriority=\"high\" decoding=\"async\" width=\"1200\" height=\"675\" src=\"https:\/\/eigenart-filmproduktion.de\/wp-content\/uploads\/2026\/03\/drohnenvideo-kosten-2026-preview.jpg\" class=\"attachment-full size-full wp-image-9537\" alt=\"Drone video costs 2026 - professional drone recordings\" title=\"\" srcset=\"https:\/\/eigenart-filmproduktion.de\/wp-content\/uploads\/2026\/03\/drohnenvideo-kosten-2026-preview.jpg 1200w, https:\/\/eigenart-filmproduktion.de\/wp-content\/uploads\/2026\/03\/drohnenvideo-kosten-2026-preview-300x169.jpg 300w, https:\/\/eigenart-filmproduktion.de\/wp-content\/uploads\/2026\/03\/drohnenvideo-kosten-2026-preview-1024x576.jpg 1024w, https:\/\/eigenart-filmproduktion.de\/wp-content\/uploads\/2026\/03\/drohnenvideo-kosten-2026-preview-768x432.jpg 768w\" sizes=\"(max-width: 1200px) 100vw, 1200px\" \/><\/div>\n\t\t<\/a>\n\t\t\t\t<div class=\"elementor-post__text\">\n\t\t\t\t<h1 class=\"elementor-post__title\">\n\t\t\t<a href=\"https:\/\/eigenart-filmproduktion.de\/en\/drone-video-costs-2026-what-do-professional-drone-recordings-cost\/\" >\n\t\t\t\tDrone video costs 2026: What do professional drone recordings cost?\t\t\t<\/a>\n\t\t<\/h1>\n\t\t\t\t<div class=\"elementor-post__meta-data\">\n\t\t\t\t\t<span class=\"elementor-post-date\">\n\t\t\t22. March 2026\t\t<\/span>\n\t\t\t\t<span class=\"elementor-post-avatar\">\n\t\t\tNo Comments\t\t<\/span>\n\t\t\t\t<\/div>\n\t\t\t\t<div class=\"elementor-post__excerpt\">\n\t\t\t<p>Drone video costs 2026:What do professional drone recordings cost? Honest prices, legal information and everything you need to know before placing an order. Reading time: 9 minutes | Updated: March 2026 Drone recordings are now an integral part of professional video productions &#8211; for image films, corporate films, industrial plants,<\/p>\n\t\t<\/div>\n\t\t\n\t\t<a class=\"elementor-post__read-more\" href=\"https:\/\/eigenart-filmproduktion.de\/en\/drone-video-costs-2026-what-do-professional-drone-recordings-cost\/\" aria-label=\"Read more about Drone video costs 2026: What do professional drone recordings cost?\" tabindex=\"-1\" >\n\t\t\tClick here for the full article \"\t\t<\/a>\n\n\t\t\t\t<\/div>\n\t\t\t\t<\/article>\n\t\t\t\t<article class=\"elementor-post elementor-grid-item post-9530 post type-post status-publish format-standard has-post-thumbnail hentry category-advisor\" role=\"listitem\">\n\t\t\t\t<a class=\"elementor-post__thumbnail__link\" href=\"https:\/\/eigenart-filmproduktion.de\/en\/event-film-costs-2026-what-does-a-professional-event-documentary-cost\/\" tabindex=\"-1\" >\n\t\t\t<div class=\"elementor-post__thumbnail\"><img decoding=\"async\" width=\"1200\" height=\"675\" src=\"https:\/\/eigenart-filmproduktion.de\/wp-content\/uploads\/2026\/03\/eventfilm-kosten-2026-preview.webp\" class=\"attachment-full size-full wp-image-9540\" alt=\"Event film costs 2026 - professional event documentation\" title=\"\" srcset=\"https:\/\/eigenart-filmproduktion.de\/wp-content\/uploads\/2026\/03\/eventfilm-kosten-2026-preview.webp 1200w, https:\/\/eigenart-filmproduktion.de\/wp-content\/uploads\/2026\/03\/eventfilm-kosten-2026-preview-300x169.webp 300w, https:\/\/eigenart-filmproduktion.de\/wp-content\/uploads\/2026\/03\/eventfilm-kosten-2026-preview-1024x576.webp 1024w, https:\/\/eigenart-filmproduktion.de\/wp-content\/uploads\/2026\/03\/eventfilm-kosten-2026-preview-768x432.webp 768w\" sizes=\"(max-width: 1200px) 100vw, 1200px\" \/><\/div>\n\t\t<\/a>\n\t\t\t\t<div class=\"elementor-post__text\">\n\t\t\t\t<h1 class=\"elementor-post__title\">\n\t\t\t<a href=\"https:\/\/eigenart-filmproduktion.de\/en\/event-film-costs-2026-what-does-a-professional-event-documentary-cost\/\" >\n\t\t\t\tEvent film costs 2026: What does a professional event documentary cost?\t\t\t<\/a>\n\t\t<\/h1>\n\t\t\t\t<div class=\"elementor-post__meta-data\">\n\t\t\t\t\t<span class=\"elementor-post-date\">\n\t\t\t22. March 2026\t\t<\/span>\n\t\t\t\t<span class=\"elementor-post-avatar\">\n\t\t\tNo Comments\t\t<\/span>\n\t\t\t\t<\/div>\n\t\t\t\t<div class=\"elementor-post__excerpt\">\n\t\t\t<p>Event film costs 2026:What does a professional event documentary cost? From small company celebrations to corporate congresses &#8211; honest prices, no standard answers. Reading time: 9 minutes | Updated: March 2026 Your company is planning an event &#8211; and you want it to leave more than just a few cell<\/p>\n\t\t<\/div>\n\t\t\n\t\t<a class=\"elementor-post__read-more\" href=\"https:\/\/eigenart-filmproduktion.de\/en\/event-film-costs-2026-what-does-a-professional-event-documentary-cost\/\" aria-label=\"Read more about Event film costs 2026: What does a professional event documentary cost?\" tabindex=\"-1\" >\n\t\t\tClick here for the full article \"\t\t<\/a>\n\n\t\t\t\t<\/div>\n\t\t\t\t<\/article>\n\t\t\t\t<article class=\"elementor-post elementor-grid-item post-9521 post type-post status-publish format-standard hentry category-prices\" role=\"listitem\">\n\t\t\t\t<div class=\"elementor-post__text\">\n\t\t\t\t<h1 class=\"elementor-post__title\">\n\t\t\t<a href=\"https:\/\/eigenart-filmproduktion.de\/en\/elementor-9516\/\" >\n\t\t\t\tElementor #9516\t\t\t<\/a>\n\t\t<\/h1>\n\t\t\t\t<div class=\"elementor-post__meta-data\">\n\t\t\t\t\t<span class=\"elementor-post-date\">\n\t\t\t22. March 2026\t\t<\/span>\n\t\t\t\t<span class=\"elementor-post-avatar\">\n\t\t\tNo Comments\t\t<\/span>\n\t\t\t\t<\/div>\n\t\t\t\t<div class=\"elementor-post__excerpt\">\n\t\t\t<p>Lesezeit: 9 Minuten \u00b7 Aktualisiert: M\u00e4rz 2026 Eventfilm Kosten 2026: Was kostet eine professionelle Event-Dokumentation? Ihr Unternehmen plant eine Jahrestagung, ein Produktlaunch-Event oder eine Mitarbeiterveranstaltung \u2013 und Sie m\u00f6chten, dass davon mehr \u00fcbrig bleibt als ein paar Fotos auf dem Smartphone. Ein professioneller Eventfilm macht das m\u00f6glich. Aber was kostet<\/p>\n\t\t<\/div>\n\t\t\n\t\t<a class=\"elementor-post__read-more\" href=\"https:\/\/eigenart-filmproduktion.de\/en\/elementor-9516\/\" aria-label=\"Read more about Elementor #9516\" tabindex=\"-1\" >\n\t\t\tClick here for the full article \"\t\t<\/a>\n\n\t\t\t\t<\/div>\n\t\t\t\t<\/article>\n\t\t\t\t<article class=\"elementor-post elementor-grid-item post-9508 post type-post status-publish format-standard has-post-thumbnail hentry category-advisor category-film-production category-video-marketing tag-budget-planning tag-image-film-costs tag-prices tag-roi\" role=\"listitem\">\n\t\t\t\t<a class=\"elementor-post__thumbnail__link\" href=\"https:\/\/eigenart-filmproduktion.de\/en\/explainer-video-costs-2026-what-does-a-professional-explainer-video-cost\/\" tabindex=\"-1\" >\n\t\t\t<div class=\"elementor-post__thumbnail\"><img decoding=\"async\" width=\"1200\" height=\"675\" src=\"https:\/\/eigenart-filmproduktion.de\/wp-content\/uploads\/2026\/02\/erklaervideo-kosten-2026-preview.webp\" class=\"attachment-full size-full wp-image-9544\" alt=\"Storyboard and sketches for a professional explainer video\" title=\"\" srcset=\"https:\/\/eigenart-filmproduktion.de\/wp-content\/uploads\/2026\/02\/erklaervideo-kosten-2026-preview.webp 1200w, https:\/\/eigenart-filmproduktion.de\/wp-content\/uploads\/2026\/02\/erklaervideo-kosten-2026-preview-300x169.webp 300w, https:\/\/eigenart-filmproduktion.de\/wp-content\/uploads\/2026\/02\/erklaervideo-kosten-2026-preview-1024x576.webp 1024w, https:\/\/eigenart-filmproduktion.de\/wp-content\/uploads\/2026\/02\/erklaervideo-kosten-2026-preview-768x432.webp 768w\" sizes=\"(max-width: 1200px) 100vw, 1200px\" \/><\/div>\n\t\t<\/a>\n\t\t\t\t<div class=\"elementor-post__text\">\n\t\t\t\t<h1 class=\"elementor-post__title\">\n\t\t\t<a href=\"https:\/\/eigenart-filmproduktion.de\/en\/explainer-video-costs-2026-what-does-a-professional-explainer-video-cost\/\" >\n\t\t\t\tExplainer video costs 2026: What does a professional explainer video cost?\t\t\t<\/a>\n\t\t<\/h1>\n\t\t\t\t<div class=\"elementor-post__meta-data\">\n\t\t\t\t\t<span class=\"elementor-post-date\">\n\t\t\t27. February 2026\t\t<\/span>\n\t\t\t\t<span class=\"elementor-post-avatar\">\n\t\t\tNo Comments\t\t<\/span>\n\t\t\t\t<\/div>\n\t\t\t\t<div class=\"elementor-post__excerpt\">\n\t\t\t<p>Lesezeit: 10 Minuten \u00b7 Aktualisiert: M\u00e4rz 2026 Erkl\u00e4rvideo Kosten 2026: Was kostet eine professionelle Produktion wirklich? Sie brauchen ein Erkl\u00e4rvideo und haben erste Angebote eingeholt \u2013 und die Spanne ist enorm: 800 Euro hier, 25.000 Euro dort. Was steckt hinter diesen Unterschieden? Und wo liegt der Preis f\u00fcr ein Video,<\/p>\n\t\t<\/div>\n\t\t\n\t\t<a class=\"elementor-post__read-more\" href=\"https:\/\/eigenart-filmproduktion.de\/en\/explainer-video-costs-2026-what-does-a-professional-explainer-video-cost\/\" aria-label=\"Read more about Explainer video costs 2026: What does a professional explainer video cost?\" tabindex=\"-1\" >\n\t\t\tClick here for the full article \"\t\t<\/a>\n\n\t\t\t\t<\/div>\n\t\t\t\t<\/article>\n\t\t\t\t<article class=\"elementor-post elementor-grid-item post-9450 post type-post status-publish format-standard has-post-thumbnail hentry category-advisor category-film-production tag-corporate-communications tag-explainer-film tag-storytelling-en\" role=\"listitem\">\n\t\t\t\t<a class=\"elementor-post__thumbnail__link\" href=\"https:\/\/eigenart-filmproduktion.de\/en\/explainer-video-agency-or-freelancer-the-honest-comparison-2026\/\" tabindex=\"-1\" >\n\t\t\t<div class=\"elementor-post__thumbnail\"><img loading=\"lazy\" decoding=\"async\" width=\"1200\" height=\"628\" src=\"https:\/\/eigenart-filmproduktion.de\/wp-content\/uploads\/2026\/02\/erklaervideo-agentur-freelancer-featured.webp\" class=\"attachment-full size-full wp-image-9451\" alt=\"\" title=\"\" srcset=\"https:\/\/eigenart-filmproduktion.de\/wp-content\/uploads\/2026\/02\/erklaervideo-agentur-freelancer-featured.webp 1200w, https:\/\/eigenart-filmproduktion.de\/wp-content\/uploads\/2026\/02\/erklaervideo-agentur-freelancer-featured-300x157.webp 300w, https:\/\/eigenart-filmproduktion.de\/wp-content\/uploads\/2026\/02\/erklaervideo-agentur-freelancer-featured-1024x536.webp 1024w, https:\/\/eigenart-filmproduktion.de\/wp-content\/uploads\/2026\/02\/erklaervideo-agentur-freelancer-featured-768x402.webp 768w\" sizes=\"(max-width: 1200px) 100vw, 1200px\" \/><\/div>\n\t\t<\/a>\n\t\t\t\t<div class=\"elementor-post__text\">\n\t\t\t\t<h1 class=\"elementor-post__title\">\n\t\t\t<a href=\"https:\/\/eigenart-filmproduktion.de\/en\/explainer-video-agency-or-freelancer-the-honest-comparison-2026\/\" >\n\t\t\t\tExplainer video agency or freelancer? The honest comparison 2026\t\t\t<\/a>\n\t\t<\/h1>\n\t\t\t\t<div class=\"elementor-post__meta-data\">\n\t\t\t\t\t<span class=\"elementor-post-date\">\n\t\t\t18. February 2026\t\t<\/span>\n\t\t\t\t<span class=\"elementor-post-avatar\">\n\t\t\tNo Comments\t\t<\/span>\n\t\t\t\t<\/div>\n\t\t\t\t<div class=\"elementor-post__excerpt\">\n\t\t\t<p>Explainer video agency or freelancer? The honest comparison 2026: What you really get &#8211; and what you risk. Reading time: 9 minutes | Updated: February 2026 Are you looking for an explainer video agency or considering hiring a freelancer? Many companies ask themselves this question: The decision sounds simple, but<\/p>\n\t\t<\/div>\n\t\t\n\t\t<a class=\"elementor-post__read-more\" href=\"https:\/\/eigenart-filmproduktion.de\/en\/explainer-video-agency-or-freelancer-the-honest-comparison-2026\/\" aria-label=\"Read more about Explainer video agency or freelancer? The honest comparison 2026\" tabindex=\"-1\" >\n\t\t\tClick here for the full article \"\t\t<\/a>\n\n\t\t\t\t<\/div>\n\t\t\t\t<\/article>\n\t\t\t\t<article class=\"elementor-post elementor-grid-item post-9448 post type-post status-publish format-standard has-post-thumbnail hentry category-video-marketing category-advisor category-recruiting tag-employee-recruitment tag-recruiting-video tag-roi\" role=\"listitem\">\n\t\t\t\t<a class=\"elementor-post__thumbnail__link\" href=\"https:\/\/eigenart-filmproduktion.de\/en\/roi-calculator-for-recruiting-videos-how-to-convince-your-management\/\" tabindex=\"-1\" >\n\t\t\t<div class=\"elementor-post__thumbnail\"><img loading=\"lazy\" decoding=\"async\" width=\"1200\" height=\"628\" src=\"https:\/\/eigenart-filmproduktion.de\/wp-content\/uploads\/2026\/02\/recruiting-video-roi-featured.webp\" class=\"attachment-full size-full wp-image-9449\" alt=\"\" title=\"\" srcset=\"https:\/\/eigenart-filmproduktion.de\/wp-content\/uploads\/2026\/02\/recruiting-video-roi-featured.webp 1200w, https:\/\/eigenart-filmproduktion.de\/wp-content\/uploads\/2026\/02\/recruiting-video-roi-featured-300x157.webp 300w, https:\/\/eigenart-filmproduktion.de\/wp-content\/uploads\/2026\/02\/recruiting-video-roi-featured-1024x536.webp 1024w, https:\/\/eigenart-filmproduktion.de\/wp-content\/uploads\/2026\/02\/recruiting-video-roi-featured-768x402.webp 768w\" sizes=\"(max-width: 1200px) 100vw, 1200px\" \/><\/div>\n\t\t<\/a>\n\t\t\t\t<div class=\"elementor-post__text\">\n\t\t\t\t<h1 class=\"elementor-post__title\">\n\t\t\t<a href=\"https:\/\/eigenart-filmproduktion.de\/en\/roi-calculator-for-recruiting-videos-how-to-convince-your-management\/\" >\n\t\t\t\tRecruiting Video ROI: How to convince your management in 2026\t\t\t<\/a>\n\t\t<\/h1>\n\t\t\t\t<div class=\"elementor-post__meta-data\">\n\t\t\t\t\t<span class=\"elementor-post-date\">\n\t\t\t18. February 2026\t\t<\/span>\n\t\t\t\t<span class=\"elementor-post-avatar\">\n\t\t\tNo Comments\t\t<\/span>\n\t\t\t\t<\/div>\n\t\t\t\t<div class=\"elementor-post__excerpt\">\n\t\t\t<p>Recruiting video ROI calculator for recruiting videos:How to convince your management With concrete figures from cost factor to investment &#8211; the CFO argument that works. Reading time: 10 minutes | Updated: February 2026 You are convinced: A recruiting video ROI can be clearly calculated &#8211; but how do you convince<\/p>\n\t\t<\/div>\n\t\t\n\t\t<a class=\"elementor-post__read-more\" href=\"https:\/\/eigenart-filmproduktion.de\/en\/roi-calculator-for-recruiting-videos-how-to-convince-your-management\/\" aria-label=\"Read more about Recruiting Video ROI: How to convince your management in 2026\" tabindex=\"-1\" >\n\t\t\tClick here for the full article \"\t\t<\/a>\n\n\t\t\t\t<\/div>\n\t\t\t\t<\/article>\n\t\t\t\t<\/div>\n\t\t\n\t\t\t\t<div class=\"e-load-more-anchor\" data-page=\"1\" data-max-page=\"3\" data-next-page=\"https:\/\/eigenart-filmproduktion.de\/en\/wp-json\/wp\/v2\/pages\/7872\/page\/2\/\"><\/div>\n\t\t\t\t<nav class=\"elementor-pagination\" aria-label=\"Pagination\">\n\t\t\t<span class=\"page-numbers prev\">\" Previous<\/span>\n<span aria-current=\"page\" class=\"page-numbers current\"><span class=\"elementor-screen-only\">Page<\/span>1<\/span>\n<a class=\"page-numbers\" href=\"https:\/\/eigenart-filmproduktion.de\/en\/wp-json\/wp\/v2\/pages\/7872\/page\/2\/\"><span class=\"elementor-screen-only\">Page<\/span>2<\/a>\n<a class=\"page-numbers\" href=\"https:\/\/eigenart-filmproduktion.de\/en\/wp-json\/wp\/v2\/pages\/7872\/page\/3\/\"><span class=\"elementor-screen-only\">Page<\/span>3<\/a>\n<a class=\"page-numbers next\" href=\"https:\/\/eigenart-filmproduktion.de\/en\/wp-json\/wp\/v2\/pages\/7872\/page\/2\/\">Next \"<\/a>\t\t<\/nav>\n\t\t\t\t\t\t<\/div>\n\t\t\t\t<\/div>\n\t\t\t\t\t<\/div>\n\t\t<\/div>\n\t\t\t\t\t<\/div>\n\t\t<\/section>\n\t\t\t\t<\/div>\n\t\t","protected":false},"excerpt":{"rendered":"","protected":false},"author":2,"featured_media":0,"parent":0,"menu_order":0,"comment_status":"closed","ping_status":"closed","template":"","meta":{"footnotes":""},"class_list":["post-7872","page","type-page","status-publish","hentry"],"_links":{"self":[{"href":"https:\/\/eigenart-filmproduktion.de\/en\/wp-json\/wp\/v2\/pages\/7872","targetHints":{"allow":["GET"]}}],"collection":[{"href":"https:\/\/eigenart-filmproduktion.de\/en\/wp-json\/wp\/v2\/pages"}],"about":[{"href":"https:\/\/eigenart-filmproduktion.de\/en\/wp-json\/wp\/v2\/types\/page"}],"author":[{"embeddable":true,"href":"https:\/\/eigenart-filmproduktion.de\/en\/wp-json\/wp\/v2\/users\/2"}],"replies":[{"embeddable":true,"href":"https:\/\/eigenart-filmproduktion.de\/en\/wp-json\/wp\/v2\/comments?post=7872"}],"version-history":[{"count":1,"href":"https:\/\/eigenart-filmproduktion.de\/en\/wp-json\/wp\/v2\/pages\/7872\/revisions"}],"predecessor-version":[{"id":9213,"href":"https:\/\/eigenart-filmproduktion.de\/en\/wp-json\/wp\/v2\/pages\/7872\/revisions\/9213"}],"wp:attachment":[{"href":"https:\/\/eigenart-filmproduktion.de\/en\/wp-json\/wp\/v2\/media?parent=7872"}],"curies":[{"name":"wp","href":"https:\/\/api.w.org\/{rel}","templated":true}]}}